{"id":1696,"date":"2026-04-19T00:34:13","date_gmt":"2026-04-18T16:34:13","guid":{"rendered":"https:\/\/repecasagricolas.com.br\/?product=suporte-da-lamina-esq"},"modified":"2026-04-19T00:34:13","modified_gmt":"2026-04-18T16:34:13","slug":"suporte-da-lamina-esq","status":"publish","type":"product","link":"https:\/\/repecasagricolas.com.br\/?product=suporte-da-lamina-esq","title":{"rendered":"SUPORTE DA L\u00c2MINA ESQ."},"content":{"rendered":"<p>Suporte da l\u00e2mina esquerdo para colhedoras. Estrutura met\u00e1lica que fixa e posiciona corretamente a l\u00e2mina de corte no lado esquerdo.<\/p>\n","protected":false},"excerpt":{"rendered":"<p>Suporte da l\u00e2mina esquerdo para colhedoras. Estrutura met\u00e1lica que fixa e posiciona corretamente a l\u00e2mina de corte no lado esquerdo.<\/p>\n","protected":false},"featured_media":0,"comment_status":"open","ping_status":"closed","template":"","meta":[],"product_cat":[50],"product_tag":[],"class_list":{"0":"post-1696","1":"product","2":"type-product","3":"status-publish","5":"product_cat-colhedoras","7":"first","8":"instock","9":"shipping-taxable","10":"product-type-simple"},"_links":{"self":[{"href":"https:\/\/repecasagricolas.com.br\/index.php?rest_route=\/wp\/v2\/product\/1696","targetHints":{"allow":["GET"]}}],"collection":[{"href":"https:\/\/repecasagricolas.com.br\/index.php?rest_route=\/wp\/v2\/product"}],"about":[{"href":"https:\/\/repecasagricolas.com.br\/index.php?rest_route=\/wp\/v2\/types\/product"}],"replies":[{"embeddable":true,"href":"https:\/\/repecasagricolas.com.br\/index.php?rest_route=%2Fwp%2Fv2%2Fcomments&post=1696"}],"version-history":[{"count":0,"href":"https:\/\/repecasagricolas.com.br\/index.php?rest_route=\/wp\/v2\/product\/1696\/revisions"}],"wp:attachment":[{"href":"https:\/\/repecasagricolas.com.br\/index.php?rest_route=%2Fwp%2Fv2%2Fmedia&parent=1696"}],"wp:term":[{"taxonomy":"product_cat","embeddable":true,"href":"https:\/\/repecasagricolas.com.br\/index.php?rest_route=%2Fwp%2Fv2%2Fproduct_cat&post=1696"},{"taxonomy":"product_tag","embeddable":true,"href":"https:\/\/repecasagricolas.com.br\/index.php?rest_route=%2Fwp%2Fv2%2Fproduct_tag&post=1696"}],"curies":[{"name":"wp","href":"https:\/\/api.w.org\/{rel}","templated":true}]}}