{"id":1691,"date":"2026-04-19T00:34:13","date_gmt":"2026-04-18T16:34:13","guid":{"rendered":"https:\/\/repecasagricolas.com.br\/?product=lamina-comp-ktr-esq"},"modified":"2026-04-19T00:34:13","modified_gmt":"2026-04-18T16:34:13","slug":"lamina-comp-ktr-esq","status":"publish","type":"product","link":"https:\/\/repecasagricolas.com.br\/?product=lamina-comp-ktr-esq","title":{"rendered":"L\u00c2MINA COMP. KTR ESQ."},"content":{"rendered":"<p>L\u00e2mina completa KTR esquerda para colhedoras. Pe\u00e7a de corte de alta resist\u00eancia para o lado esquerdo da plataforma de colheita.<\/p>\n","protected":false},"excerpt":{"rendered":"<p>L\u00e2mina completa KTR esquerda para colhedoras. Pe\u00e7a de corte de alta resist\u00eancia para o lado esquerdo da plataforma de colheita.<\/p>\n","protected":false},"featured_media":0,"comment_status":"open","ping_status":"closed","template":"","meta":[],"product_cat":[50],"product_tag":[],"class_list":{"0":"post-1691","1":"product","2":"type-product","3":"status-publish","5":"product_cat-colhedoras","7":"first","8":"instock","9":"shipping-taxable","10":"product-type-simple"},"_links":{"self":[{"href":"https:\/\/repecasagricolas.com.br\/index.php?rest_route=\/wp\/v2\/product\/1691","targetHints":{"allow":["GET"]}}],"collection":[{"href":"https:\/\/repecasagricolas.com.br\/index.php?rest_route=\/wp\/v2\/product"}],"about":[{"href":"https:\/\/repecasagricolas.com.br\/index.php?rest_route=\/wp\/v2\/types\/product"}],"replies":[{"embeddable":true,"href":"https:\/\/repecasagricolas.com.br\/index.php?rest_route=%2Fwp%2Fv2%2Fcomments&post=1691"}],"version-history":[{"count":0,"href":"https:\/\/repecasagricolas.com.br\/index.php?rest_route=\/wp\/v2\/product\/1691\/revisions"}],"wp:attachment":[{"href":"https:\/\/repecasagricolas.com.br\/index.php?rest_route=%2Fwp%2Fv2%2Fmedia&parent=1691"}],"wp:term":[{"taxonomy":"product_cat","embeddable":true,"href":"https:\/\/repecasagricolas.com.br\/index.php?rest_route=%2Fwp%2Fv2%2Fproduct_cat&post=1691"},{"taxonomy":"product_tag","embeddable":true,"href":"https:\/\/repecasagricolas.com.br\/index.php?rest_route=%2Fwp%2Fv2%2Fproduct_tag&post=1691"}],"curies":[{"name":"wp","href":"https:\/\/api.w.org\/{rel}","templated":true}]}}