{"id":1668,"date":"2026-04-19T00:34:10","date_gmt":"2026-04-18T16:34:10","guid":{"rendered":"https:\/\/repecasagricolas.com.br\/?product=bijet-completo"},"modified":"2026-04-19T00:34:10","modified_gmt":"2026-04-18T16:34:10","slug":"bijet-completo","status":"publish","type":"product","link":"https:\/\/repecasagricolas.com.br\/?product=bijet-completo","title":{"rendered":"BIJET COMPLETO"},"content":{"rendered":"<p>Bijet completo para pulverizadores. Sistema de dois bicos que garante maior cobertura e penetra\u00e7\u00e3o do produto na cultura, com v\u00e1lvulas antidripping.<\/p>\n","protected":false},"excerpt":{"rendered":"<p>Bijet completo para pulverizadores. Sistema de dois bicos que garante maior cobertura e penetra\u00e7\u00e3o do produto na cultura, com v\u00e1lvulas antidripping.<\/p>\n","protected":false},"featured_media":0,"comment_status":"open","ping_status":"closed","template":"","meta":[],"product_cat":[62],"product_tag":[],"class_list":{"0":"post-1668","1":"product","2":"type-product","3":"status-publish","5":"product_cat-bicos-e-conexoes","7":"first","8":"instock","9":"shipping-taxable","10":"product-type-simple"},"_links":{"self":[{"href":"https:\/\/repecasagricolas.com.br\/index.php?rest_route=\/wp\/v2\/product\/1668","targetHints":{"allow":["GET"]}}],"collection":[{"href":"https:\/\/repecasagricolas.com.br\/index.php?rest_route=\/wp\/v2\/product"}],"about":[{"href":"https:\/\/repecasagricolas.com.br\/index.php?rest_route=\/wp\/v2\/types\/product"}],"replies":[{"embeddable":true,"href":"https:\/\/repecasagricolas.com.br\/index.php?rest_route=%2Fwp%2Fv2%2Fcomments&post=1668"}],"version-history":[{"count":0,"href":"https:\/\/repecasagricolas.com.br\/index.php?rest_route=\/wp\/v2\/product\/1668\/revisions"}],"wp:attachment":[{"href":"https:\/\/repecasagricolas.com.br\/index.php?rest_route=%2Fwp%2Fv2%2Fmedia&parent=1668"}],"wp:term":[{"taxonomy":"product_cat","embeddable":true,"href":"https:\/\/repecasagricolas.com.br\/index.php?rest_route=%2Fwp%2Fv2%2Fproduct_cat&post=1668"},{"taxonomy":"product_tag","embeddable":true,"href":"https:\/\/repecasagricolas.com.br\/index.php?rest_route=%2Fwp%2Fv2%2Fproduct_tag&post=1668"}],"curies":[{"name":"wp","href":"https:\/\/api.w.org\/{rel}","templated":true}]}}