{"id":1664,"date":"2026-04-19T00:34:09","date_gmt":"2026-04-18T16:34:09","guid":{"rendered":"https:\/\/repecasagricolas.com.br\/?product=abracadeira-p-barra-de-pulv-40-x-40"},"modified":"2026-04-19T00:34:09","modified_gmt":"2026-04-18T16:34:09","slug":"abracadeira-p-barra-de-pulv-40-x-40","status":"publish","type":"product","link":"https:\/\/repecasagricolas.com.br\/?product=abracadeira-p-barra-de-pulv-40-x-40","title":{"rendered":"ABRA\u00c7ADEIRA P\/ BARRA DE PULV. 40 X 40"},"content":{"rendered":"<p>Abra\u00e7adeira 40x40mm para barra de pulveriza\u00e7\u00e3o. Fixa\u00e7\u00e3o segura da barra na estrutura do pulverizador em pol\u00edmero resistente.<\/p>\n","protected":false},"excerpt":{"rendered":"<p>Abra\u00e7adeira 40x40mm para barra de pulveriza\u00e7\u00e3o. Fixa\u00e7\u00e3o segura da barra na estrutura do pulverizador em pol\u00edmero resistente.<\/p>\n","protected":false},"featured_media":0,"comment_status":"open","ping_status":"closed","template":"","meta":[],"product_cat":[67],"product_tag":[],"class_list":{"0":"post-1664","1":"product","2":"type-product","3":"status-publish","5":"product_cat-suportes-e-abracadeiras","7":"first","8":"instock","9":"shipping-taxable","10":"product-type-simple"},"_links":{"self":[{"href":"https:\/\/repecasagricolas.com.br\/index.php?rest_route=\/wp\/v2\/product\/1664","targetHints":{"allow":["GET"]}}],"collection":[{"href":"https:\/\/repecasagricolas.com.br\/index.php?rest_route=\/wp\/v2\/product"}],"about":[{"href":"https:\/\/repecasagricolas.com.br\/index.php?rest_route=\/wp\/v2\/types\/product"}],"replies":[{"embeddable":true,"href":"https:\/\/repecasagricolas.com.br\/index.php?rest_route=%2Fwp%2Fv2%2Fcomments&post=1664"}],"version-history":[{"count":0,"href":"https:\/\/repecasagricolas.com.br\/index.php?rest_route=\/wp\/v2\/product\/1664\/revisions"}],"wp:attachment":[{"href":"https:\/\/repecasagricolas.com.br\/index.php?rest_route=%2Fwp%2Fv2%2Fmedia&parent=1664"}],"wp:term":[{"taxonomy":"product_cat","embeddable":true,"href":"https:\/\/repecasagricolas.com.br\/index.php?rest_route=%2Fwp%2Fv2%2Fproduct_cat&post=1664"},{"taxonomy":"product_tag","embeddable":true,"href":"https:\/\/repecasagricolas.com.br\/index.php?rest_route=%2Fwp%2Fv2%2Fproduct_tag&post=1664"}],"curies":[{"name":"wp","href":"https:\/\/api.w.org\/{rel}","templated":true}]}}