{"id":1659,"date":"2026-04-19T00:34:07","date_gmt":"2026-04-18T16:34:07","guid":{"rendered":"https:\/\/repecasagricolas.com.br\/?product=porca-conica"},"modified":"2026-04-19T00:34:07","modified_gmt":"2026-04-18T16:34:07","slug":"porca-conica","status":"publish","type":"product","link":"https:\/\/repecasagricolas.com.br\/?product=porca-conica","title":{"rendered":"PORCA C\u00d4NICA"},"content":{"rendered":"<p>Porca c\u00f4nica para pulverizador costal. Fixa o bico ao registro permitindo troca r\u00e1pida sem ferramentas.<\/p>\n","protected":false},"excerpt":{"rendered":"<p>Porca c\u00f4nica para pulverizador costal. Fixa o bico ao registro permitindo troca r\u00e1pida sem ferramentas.<\/p>\n","protected":false},"featured_media":0,"comment_status":"open","ping_status":"closed","template":"","meta":[],"product_cat":[71],"product_tag":[],"class_list":{"0":"post-1659","1":"product","2":"type-product","3":"status-publish","5":"product_cat-pulverizador-costal","7":"first","8":"instock","9":"shipping-taxable","10":"product-type-simple"},"_links":{"self":[{"href":"https:\/\/repecasagricolas.com.br\/index.php?rest_route=\/wp\/v2\/product\/1659","targetHints":{"allow":["GET"]}}],"collection":[{"href":"https:\/\/repecasagricolas.com.br\/index.php?rest_route=\/wp\/v2\/product"}],"about":[{"href":"https:\/\/repecasagricolas.com.br\/index.php?rest_route=\/wp\/v2\/types\/product"}],"replies":[{"embeddable":true,"href":"https:\/\/repecasagricolas.com.br\/index.php?rest_route=%2Fwp%2Fv2%2Fcomments&post=1659"}],"version-history":[{"count":0,"href":"https:\/\/repecasagricolas.com.br\/index.php?rest_route=\/wp\/v2\/product\/1659\/revisions"}],"wp:attachment":[{"href":"https:\/\/repecasagricolas.com.br\/index.php?rest_route=%2Fwp%2Fv2%2Fmedia&parent=1659"}],"wp:term":[{"taxonomy":"product_cat","embeddable":true,"href":"https:\/\/repecasagricolas.com.br\/index.php?rest_route=%2Fwp%2Fv2%2Fproduct_cat&post=1659"},{"taxonomy":"product_tag","embeddable":true,"href":"https:\/\/repecasagricolas.com.br\/index.php?rest_route=%2Fwp%2Fv2%2Fproduct_tag&post=1659"}],"curies":[{"name":"wp","href":"https:\/\/api.w.org\/{rel}","templated":true}]}}