{"id":1656,"date":"2026-04-19T00:34:07","date_gmt":"2026-04-18T16:34:07","guid":{"rendered":"https:\/\/repecasagricolas.com.br\/?product=bico-cone-regul-amarelo"},"modified":"2026-04-19T00:34:07","modified_gmt":"2026-04-18T16:34:07","slug":"bico-cone-regul-amarelo","status":"publish","type":"product","link":"https:\/\/repecasagricolas.com.br\/?product=bico-cone-regul-amarelo","title":{"rendered":"BICO CONE REGUL. AMARELO"},"content":{"rendered":"<p>Bico cone regul\u00e1vel amarelo para pulverizador costal. Indicado para aplica\u00e7\u00f5es de m\u00e9dio volume.<\/p>\n","protected":false},"excerpt":{"rendered":"<p>Bico cone regul\u00e1vel amarelo para pulverizador costal. Indicado para aplica\u00e7\u00f5es de m\u00e9dio volume.<\/p>\n","protected":false},"featured_media":0,"comment_status":"open","ping_status":"closed","template":"","meta":[],"product_cat":[71],"product_tag":[],"class_list":{"0":"post-1656","1":"product","2":"type-product","3":"status-publish","5":"product_cat-pulverizador-costal","7":"first","8":"instock","9":"shipping-taxable","10":"product-type-simple"},"_links":{"self":[{"href":"https:\/\/repecasagricolas.com.br\/index.php?rest_route=\/wp\/v2\/product\/1656","targetHints":{"allow":["GET"]}}],"collection":[{"href":"https:\/\/repecasagricolas.com.br\/index.php?rest_route=\/wp\/v2\/product"}],"about":[{"href":"https:\/\/repecasagricolas.com.br\/index.php?rest_route=\/wp\/v2\/types\/product"}],"replies":[{"embeddable":true,"href":"https:\/\/repecasagricolas.com.br\/index.php?rest_route=%2Fwp%2Fv2%2Fcomments&post=1656"}],"version-history":[{"count":0,"href":"https:\/\/repecasagricolas.com.br\/index.php?rest_route=\/wp\/v2\/product\/1656\/revisions"}],"wp:attachment":[{"href":"https:\/\/repecasagricolas.com.br\/index.php?rest_route=%2Fwp%2Fv2%2Fmedia&parent=1656"}],"wp:term":[{"taxonomy":"product_cat","embeddable":true,"href":"https:\/\/repecasagricolas.com.br\/index.php?rest_route=%2Fwp%2Fv2%2Fproduct_cat&post=1656"},{"taxonomy":"product_tag","embeddable":true,"href":"https:\/\/repecasagricolas.com.br\/index.php?rest_route=%2Fwp%2Fv2%2Fproduct_tag&post=1656"}],"curies":[{"name":"wp","href":"https:\/\/api.w.org\/{rel}","templated":true}]}}