{"id":1649,"date":"2026-04-19T00:34:06","date_gmt":"2026-04-18T16:34:06","guid":{"rendered":"https:\/\/repecasagricolas.com.br\/?product=registro-completo-com-lanca"},"modified":"2026-04-19T00:34:06","modified_gmt":"2026-04-18T16:34:06","slug":"registro-completo-com-lanca","status":"publish","type":"product","link":"https:\/\/repecasagricolas.com.br\/?product=registro-completo-com-lanca","title":{"rendered":"REGISTRO COMPLETO COM LAN\u00c7A"},"content":{"rendered":"<p>Registro completo com lan\u00e7a para pulverizador costal. Kit pronto para uso imediato com registro e tubo de lan\u00e7a.<\/p>\n","protected":false},"excerpt":{"rendered":"<p>Registro completo com lan\u00e7a para pulverizador costal. Kit pronto para uso imediato com registro e tubo de lan\u00e7a.<\/p>\n","protected":false},"featured_media":0,"comment_status":"open","ping_status":"closed","template":"","meta":[],"product_cat":[71],"product_tag":[],"class_list":{"0":"post-1649","1":"product","2":"type-product","3":"status-publish","5":"product_cat-pulverizador-costal","7":"first","8":"instock","9":"shipping-taxable","10":"product-type-simple"},"_links":{"self":[{"href":"https:\/\/repecasagricolas.com.br\/index.php?rest_route=\/wp\/v2\/product\/1649","targetHints":{"allow":["GET"]}}],"collection":[{"href":"https:\/\/repecasagricolas.com.br\/index.php?rest_route=\/wp\/v2\/product"}],"about":[{"href":"https:\/\/repecasagricolas.com.br\/index.php?rest_route=\/wp\/v2\/types\/product"}],"replies":[{"embeddable":true,"href":"https:\/\/repecasagricolas.com.br\/index.php?rest_route=%2Fwp%2Fv2%2Fcomments&post=1649"}],"version-history":[{"count":0,"href":"https:\/\/repecasagricolas.com.br\/index.php?rest_route=\/wp\/v2\/product\/1649\/revisions"}],"wp:attachment":[{"href":"https:\/\/repecasagricolas.com.br\/index.php?rest_route=%2Fwp%2Fv2%2Fmedia&parent=1649"}],"wp:term":[{"taxonomy":"product_cat","embeddable":true,"href":"https:\/\/repecasagricolas.com.br\/index.php?rest_route=%2Fwp%2Fv2%2Fproduct_cat&post=1649"},{"taxonomy":"product_tag","embeddable":true,"href":"https:\/\/repecasagricolas.com.br\/index.php?rest_route=%2Fwp%2Fv2%2Fproduct_tag&post=1649"}],"curies":[{"name":"wp","href":"https:\/\/api.w.org\/{rel}","templated":true}]}}