{"id":1638,"date":"2026-04-19T00:34:06","date_gmt":"2026-04-18T16:34:06","guid":{"rendered":"https:\/\/repecasagricolas.com.br\/?product=bico-1-2-c-porca-3-4"},"modified":"2026-04-19T00:34:06","modified_gmt":"2026-04-18T16:34:06","slug":"bico-1-2-c-porca-3-4","status":"publish","type":"product","link":"https:\/\/repecasagricolas.com.br\/?product=bico-1-2-c-porca-3-4","title":{"rendered":"BICO 1\/2&#8243; C\/ PORCA 3\/4&#8243;"},"content":{"rendered":"<p>Bico de 1\/2&#8243; com porca de 3\/4&#8243; em lat\u00e3o. Permite a conex\u00e3o de mangueiras finas em sa\u00eddas maiores, com veda\u00e7\u00e3o confi\u00e1vel.<\/p>\n","protected":false},"excerpt":{"rendered":"<p>Bico de 1\/2&#8243; com porca de 3\/4&#8243; em lat\u00e3o. Permite a conex\u00e3o de mangueiras finas em sa\u00eddas maiores, com veda\u00e7\u00e3o confi\u00e1vel.<\/p>\n","protected":false},"featured_media":0,"comment_status":"open","ping_status":"closed","template":"","meta":[],"product_cat":[62],"product_tag":[],"class_list":{"0":"post-1638","1":"product","2":"type-product","3":"status-publish","5":"product_cat-bicos-e-conexoes","7":"first","8":"instock","9":"shipping-taxable","10":"product-type-simple"},"_links":{"self":[{"href":"https:\/\/repecasagricolas.com.br\/index.php?rest_route=\/wp\/v2\/product\/1638","targetHints":{"allow":["GET"]}}],"collection":[{"href":"https:\/\/repecasagricolas.com.br\/index.php?rest_route=\/wp\/v2\/product"}],"about":[{"href":"https:\/\/repecasagricolas.com.br\/index.php?rest_route=\/wp\/v2\/types\/product"}],"replies":[{"embeddable":true,"href":"https:\/\/repecasagricolas.com.br\/index.php?rest_route=%2Fwp%2Fv2%2Fcomments&post=1638"}],"version-history":[{"count":0,"href":"https:\/\/repecasagricolas.com.br\/index.php?rest_route=\/wp\/v2\/product\/1638\/revisions"}],"wp:attachment":[{"href":"https:\/\/repecasagricolas.com.br\/index.php?rest_route=%2Fwp%2Fv2%2Fmedia&parent=1638"}],"wp:term":[{"taxonomy":"product_cat","embeddable":true,"href":"https:\/\/repecasagricolas.com.br\/index.php?rest_route=%2Fwp%2Fv2%2Fproduct_cat&post=1638"},{"taxonomy":"product_tag","embeddable":true,"href":"https:\/\/repecasagricolas.com.br\/index.php?rest_route=%2Fwp%2Fv2%2Fproduct_tag&post=1638"}],"curies":[{"name":"wp","href":"https:\/\/api.w.org\/{rel}","templated":true}]}}