{"id":1637,"date":"2026-04-19T00:34:06","date_gmt":"2026-04-18T16:34:06","guid":{"rendered":"https:\/\/repecasagricolas.com.br\/?product=reducao-1-2-x-3-8-porca-1-2"},"modified":"2026-04-19T00:34:06","modified_gmt":"2026-04-18T16:34:06","slug":"reducao-1-2-x-3-8-porca-1-2","status":"publish","type":"product","link":"https:\/\/repecasagricolas.com.br\/?product=reducao-1-2-x-3-8-porca-1-2","title":{"rendered":"REDU\u00c7\u00c3O 1\/2&#8243; X 3\/8&#8243; PORCA 1\/2&#8243;"},"content":{"rendered":"<p>Redu\u00e7\u00e3o 1\/2&#8243; x 3\/8&#8243; com porca 1\/2&#8243; em lat\u00e3o. Adaptador entre di\u00e2metros com fixa\u00e7\u00e3o segura por rosca.<\/p>\n","protected":false},"excerpt":{"rendered":"<p>Redu\u00e7\u00e3o 1\/2&#8243; x 3\/8&#8243; com porca 1\/2&#8243; em lat\u00e3o. Adaptador entre di\u00e2metros com fixa\u00e7\u00e3o segura por rosca.<\/p>\n","protected":false},"featured_media":0,"comment_status":"open","ping_status":"closed","template":"","meta":[],"product_cat":[66],"product_tag":[],"class_list":{"0":"post-1637","1":"product","2":"type-product","3":"status-publish","5":"product_cat-conexoes","7":"first","8":"instock","9":"shipping-taxable","10":"product-type-simple"},"_links":{"self":[{"href":"https:\/\/repecasagricolas.com.br\/index.php?rest_route=\/wp\/v2\/product\/1637","targetHints":{"allow":["GET"]}}],"collection":[{"href":"https:\/\/repecasagricolas.com.br\/index.php?rest_route=\/wp\/v2\/product"}],"about":[{"href":"https:\/\/repecasagricolas.com.br\/index.php?rest_route=\/wp\/v2\/types\/product"}],"replies":[{"embeddable":true,"href":"https:\/\/repecasagricolas.com.br\/index.php?rest_route=%2Fwp%2Fv2%2Fcomments&post=1637"}],"version-history":[{"count":0,"href":"https:\/\/repecasagricolas.com.br\/index.php?rest_route=\/wp\/v2\/product\/1637\/revisions"}],"wp:attachment":[{"href":"https:\/\/repecasagricolas.com.br\/index.php?rest_route=%2Fwp%2Fv2%2Fmedia&parent=1637"}],"wp:term":[{"taxonomy":"product_cat","embeddable":true,"href":"https:\/\/repecasagricolas.com.br\/index.php?rest_route=%2Fwp%2Fv2%2Fproduct_cat&post=1637"},{"taxonomy":"product_tag","embeddable":true,"href":"https:\/\/repecasagricolas.com.br\/index.php?rest_route=%2Fwp%2Fv2%2Fproduct_tag&post=1637"}],"curies":[{"name":"wp","href":"https:\/\/api.w.org\/{rel}","templated":true}]}}