{"id":1635,"date":"2026-04-19T00:34:06","date_gmt":"2026-04-18T16:34:06","guid":{"rendered":"https:\/\/repecasagricolas.com.br\/?product=conexao-final-1-2"},"modified":"2026-04-19T00:34:06","modified_gmt":"2026-04-18T16:34:06","slug":"conexao-final-1-2","status":"publish","type":"product","link":"https:\/\/repecasagricolas.com.br\/?product=conexao-final-1-2","title":{"rendered":"CONEX\u00c3O FINAL 1\/2&#8243;"},"content":{"rendered":"<p>Conex\u00e3o final de 1\/2&#8243; para ramais de pulveriza\u00e7\u00e3o. Fecha o circuito hidr\u00e1ulico na extremidade da barra com veda\u00e7\u00e3o segura.<\/p>\n","protected":false},"excerpt":{"rendered":"<p>Conex\u00e3o final de 1\/2&#8243; para ramais de pulveriza\u00e7\u00e3o. Fecha o circuito hidr\u00e1ulico na extremidade da barra com veda\u00e7\u00e3o segura.<\/p>\n","protected":false},"featured_media":0,"comment_status":"open","ping_status":"closed","template":"","meta":[],"product_cat":[66],"product_tag":[],"class_list":{"0":"post-1635","1":"product","2":"type-product","3":"status-publish","5":"product_cat-conexoes","7":"first","8":"instock","9":"shipping-taxable","10":"product-type-simple"},"_links":{"self":[{"href":"https:\/\/repecasagricolas.com.br\/index.php?rest_route=\/wp\/v2\/product\/1635","targetHints":{"allow":["GET"]}}],"collection":[{"href":"https:\/\/repecasagricolas.com.br\/index.php?rest_route=\/wp\/v2\/product"}],"about":[{"href":"https:\/\/repecasagricolas.com.br\/index.php?rest_route=\/wp\/v2\/types\/product"}],"replies":[{"embeddable":true,"href":"https:\/\/repecasagricolas.com.br\/index.php?rest_route=%2Fwp%2Fv2%2Fcomments&post=1635"}],"version-history":[{"count":0,"href":"https:\/\/repecasagricolas.com.br\/index.php?rest_route=\/wp\/v2\/product\/1635\/revisions"}],"wp:attachment":[{"href":"https:\/\/repecasagricolas.com.br\/index.php?rest_route=%2Fwp%2Fv2%2Fmedia&parent=1635"}],"wp:term":[{"taxonomy":"product_cat","embeddable":true,"href":"https:\/\/repecasagricolas.com.br\/index.php?rest_route=%2Fwp%2Fv2%2Fproduct_cat&post=1635"},{"taxonomy":"product_tag","embeddable":true,"href":"https:\/\/repecasagricolas.com.br\/index.php?rest_route=%2Fwp%2Fv2%2Fproduct_tag&post=1635"}],"curies":[{"name":"wp","href":"https:\/\/api.w.org\/{rel}","templated":true}]}}