{"id":1634,"date":"2026-04-19T00:34:06","date_gmt":"2026-04-18T16:34:06","guid":{"rendered":"https:\/\/repecasagricolas.com.br\/?product=conector-t-1-2"},"modified":"2026-04-19T00:34:06","modified_gmt":"2026-04-18T16:34:06","slug":"conector-t-1-2","status":"publish","type":"product","link":"https:\/\/repecasagricolas.com.br\/?product=conector-t-1-2","title":{"rendered":"CONECTOR T 1\/2&#8243;"},"content":{"rendered":"<p>Conector em T de 1\/2&#8243; em lat\u00e3o. Divide o fluxo em tr\u00eas dire\u00e7\u00f5es para uso em sistemas de pulveriza\u00e7\u00e3o e irriga\u00e7\u00e3o.<\/p>\n","protected":false},"excerpt":{"rendered":"<p>Conector em T de 1\/2&#8243; em lat\u00e3o. Divide o fluxo em tr\u00eas dire\u00e7\u00f5es para uso em sistemas de pulveriza\u00e7\u00e3o e irriga\u00e7\u00e3o.<\/p>\n","protected":false},"featured_media":0,"comment_status":"open","ping_status":"closed","template":"","meta":[],"product_cat":[66],"product_tag":[],"class_list":{"0":"post-1634","1":"product","2":"type-product","3":"status-publish","5":"product_cat-conexoes","7":"first","8":"instock","9":"shipping-taxable","10":"product-type-simple"},"_links":{"self":[{"href":"https:\/\/repecasagricolas.com.br\/index.php?rest_route=\/wp\/v2\/product\/1634","targetHints":{"allow":["GET"]}}],"collection":[{"href":"https:\/\/repecasagricolas.com.br\/index.php?rest_route=\/wp\/v2\/product"}],"about":[{"href":"https:\/\/repecasagricolas.com.br\/index.php?rest_route=\/wp\/v2\/types\/product"}],"replies":[{"embeddable":true,"href":"https:\/\/repecasagricolas.com.br\/index.php?rest_route=%2Fwp%2Fv2%2Fcomments&post=1634"}],"version-history":[{"count":0,"href":"https:\/\/repecasagricolas.com.br\/index.php?rest_route=\/wp\/v2\/product\/1634\/revisions"}],"wp:attachment":[{"href":"https:\/\/repecasagricolas.com.br\/index.php?rest_route=%2Fwp%2Fv2%2Fmedia&parent=1634"}],"wp:term":[{"taxonomy":"product_cat","embeddable":true,"href":"https:\/\/repecasagricolas.com.br\/index.php?rest_route=%2Fwp%2Fv2%2Fproduct_cat&post=1634"},{"taxonomy":"product_tag","embeddable":true,"href":"https:\/\/repecasagricolas.com.br\/index.php?rest_route=%2Fwp%2Fv2%2Fproduct_tag&post=1634"}],"curies":[{"name":"wp","href":"https:\/\/api.w.org\/{rel}","templated":true}]}}