{"id":1631,"date":"2026-04-19T00:34:06","date_gmt":"2026-04-18T16:34:06","guid":{"rendered":"https:\/\/repecasagricolas.com.br\/?product=bico-conexao-p-mang-3-8-c-porca-3-4"},"modified":"2026-04-19T00:34:06","modified_gmt":"2026-04-18T16:34:06","slug":"bico-conexao-p-mang-3-8-c-porca-3-4","status":"publish","type":"product","link":"https:\/\/repecasagricolas.com.br\/?product=bico-conexao-p-mang-3-8-c-porca-3-4","title":{"rendered":"BICO CONEX\u00c3O P\/ MANG. 3\/8&#8243; C\/ PORCA 3\/4&#8243;"},"content":{"rendered":"<p>Bico de conex\u00e3o para mangueira 3\/8&#8243; com porca 3\/4&#8243;. Pe\u00e7a em lat\u00e3o para fixa\u00e7\u00e3o segura de mangueiras em conex\u00f5es maiores.<\/p>\n","protected":false},"excerpt":{"rendered":"<p>Bico de conex\u00e3o para mangueira 3\/8&#8243; com porca 3\/4&#8243;. Pe\u00e7a em lat\u00e3o para fixa\u00e7\u00e3o segura de mangueiras em conex\u00f5es maiores.<\/p>\n","protected":false},"featured_media":0,"comment_status":"open","ping_status":"closed","template":"","meta":[],"product_cat":[62],"product_tag":[],"class_list":{"0":"post-1631","1":"product","2":"type-product","3":"status-publish","5":"product_cat-bicos-e-conexoes","7":"first","8":"instock","9":"shipping-taxable","10":"product-type-simple"},"_links":{"self":[{"href":"https:\/\/repecasagricolas.com.br\/index.php?rest_route=\/wp\/v2\/product\/1631","targetHints":{"allow":["GET"]}}],"collection":[{"href":"https:\/\/repecasagricolas.com.br\/index.php?rest_route=\/wp\/v2\/product"}],"about":[{"href":"https:\/\/repecasagricolas.com.br\/index.php?rest_route=\/wp\/v2\/types\/product"}],"replies":[{"embeddable":true,"href":"https:\/\/repecasagricolas.com.br\/index.php?rest_route=%2Fwp%2Fv2%2Fcomments&post=1631"}],"version-history":[{"count":0,"href":"https:\/\/repecasagricolas.com.br\/index.php?rest_route=\/wp\/v2\/product\/1631\/revisions"}],"wp:attachment":[{"href":"https:\/\/repecasagricolas.com.br\/index.php?rest_route=%2Fwp%2Fv2%2Fmedia&parent=1631"}],"wp:term":[{"taxonomy":"product_cat","embeddable":true,"href":"https:\/\/repecasagricolas.com.br\/index.php?rest_route=%2Fwp%2Fv2%2Fproduct_cat&post=1631"},{"taxonomy":"product_tag","embeddable":true,"href":"https:\/\/repecasagricolas.com.br\/index.php?rest_route=%2Fwp%2Fv2%2Fproduct_tag&post=1631"}],"curies":[{"name":"wp","href":"https:\/\/api.w.org\/{rel}","templated":true}]}}