{"id":1630,"date":"2026-04-19T00:34:03","date_gmt":"2026-04-18T16:34:03","guid":{"rendered":"https:\/\/repecasagricolas.com.br\/?product=bico-y"},"modified":"2026-04-19T00:34:03","modified_gmt":"2026-04-18T16:34:03","slug":"bico-y","status":"publish","type":"product","link":"https:\/\/repecasagricolas.com.br\/?product=bico-y","title":{"rendered":"BICO Y"},"content":{"rendered":"<p>Bico Y para deriva\u00e7\u00e3o em sistemas de pulveriza\u00e7\u00e3o. Divide o fluxo em dois ramos, permitindo a alimenta\u00e7\u00e3o simult\u00e2nea de dois pontos.<\/p>\n","protected":false},"excerpt":{"rendered":"<p>Bico Y para deriva\u00e7\u00e3o em sistemas de pulveriza\u00e7\u00e3o. Divide o fluxo em dois ramos, permitindo a alimenta\u00e7\u00e3o simult\u00e2nea de dois pontos.<\/p>\n","protected":false},"featured_media":0,"comment_status":"open","ping_status":"closed","template":"","meta":[],"product_cat":[62],"product_tag":[],"class_list":{"0":"post-1630","1":"product","2":"type-product","3":"status-publish","5":"product_cat-bicos-e-conexoes","7":"first","8":"instock","9":"shipping-taxable","10":"product-type-simple"},"_links":{"self":[{"href":"https:\/\/repecasagricolas.com.br\/index.php?rest_route=\/wp\/v2\/product\/1630","targetHints":{"allow":["GET"]}}],"collection":[{"href":"https:\/\/repecasagricolas.com.br\/index.php?rest_route=\/wp\/v2\/product"}],"about":[{"href":"https:\/\/repecasagricolas.com.br\/index.php?rest_route=\/wp\/v2\/types\/product"}],"replies":[{"embeddable":true,"href":"https:\/\/repecasagricolas.com.br\/index.php?rest_route=%2Fwp%2Fv2%2Fcomments&post=1630"}],"version-history":[{"count":0,"href":"https:\/\/repecasagricolas.com.br\/index.php?rest_route=\/wp\/v2\/product\/1630\/revisions"}],"wp:attachment":[{"href":"https:\/\/repecasagricolas.com.br\/index.php?rest_route=%2Fwp%2Fv2%2Fmedia&parent=1630"}],"wp:term":[{"taxonomy":"product_cat","embeddable":true,"href":"https:\/\/repecasagricolas.com.br\/index.php?rest_route=%2Fwp%2Fv2%2Fproduct_cat&post=1630"},{"taxonomy":"product_tag","embeddable":true,"href":"https:\/\/repecasagricolas.com.br\/index.php?rest_route=%2Fwp%2Fv2%2Fproduct_tag&post=1630"}],"curies":[{"name":"wp","href":"https:\/\/api.w.org\/{rel}","templated":true}]}}