{"id":1627,"date":"2026-04-19T00:34:03","date_gmt":"2026-04-18T16:34:03","guid":{"rendered":"https:\/\/repecasagricolas.com.br\/?product=conexao-p-mang-3-4-inox"},"modified":"2026-04-19T00:34:03","modified_gmt":"2026-04-18T16:34:03","slug":"conexao-p-mang-3-4-inox","status":"publish","type":"product","link":"https:\/\/repecasagricolas.com.br\/?product=conexao-p-mang-3-4-inox","title":{"rendered":"CONEX\u00c3O P\/ MANG. 3\/4&#8243; INOX"},"content":{"rendered":"<p>Conex\u00e3o para mangueira 3\/4&#8243; em a\u00e7o inoxid\u00e1vel. Alta resist\u00eancia \u00e0 corros\u00e3o, ideal para uso com defensivos agressivos.<\/p>\n","protected":false},"excerpt":{"rendered":"<p>Conex\u00e3o para mangueira 3\/4&#8243; em a\u00e7o inoxid\u00e1vel. Alta resist\u00eancia \u00e0 corros\u00e3o, ideal para uso com defensivos agressivos.<\/p>\n","protected":false},"featured_media":0,"comment_status":"open","ping_status":"closed","template":"","meta":[],"product_cat":[66],"product_tag":[],"class_list":{"0":"post-1627","1":"product","2":"type-product","3":"status-publish","5":"product_cat-conexoes","7":"first","8":"instock","9":"shipping-taxable","10":"product-type-simple"},"_links":{"self":[{"href":"https:\/\/repecasagricolas.com.br\/index.php?rest_route=\/wp\/v2\/product\/1627","targetHints":{"allow":["GET"]}}],"collection":[{"href":"https:\/\/repecasagricolas.com.br\/index.php?rest_route=\/wp\/v2\/product"}],"about":[{"href":"https:\/\/repecasagricolas.com.br\/index.php?rest_route=\/wp\/v2\/types\/product"}],"replies":[{"embeddable":true,"href":"https:\/\/repecasagricolas.com.br\/index.php?rest_route=%2Fwp%2Fv2%2Fcomments&post=1627"}],"version-history":[{"count":0,"href":"https:\/\/repecasagricolas.com.br\/index.php?rest_route=\/wp\/v2\/product\/1627\/revisions"}],"wp:attachment":[{"href":"https:\/\/repecasagricolas.com.br\/index.php?rest_route=%2Fwp%2Fv2%2Fmedia&parent=1627"}],"wp:term":[{"taxonomy":"product_cat","embeddable":true,"href":"https:\/\/repecasagricolas.com.br\/index.php?rest_route=%2Fwp%2Fv2%2Fproduct_cat&post=1627"},{"taxonomy":"product_tag","embeddable":true,"href":"https:\/\/repecasagricolas.com.br\/index.php?rest_route=%2Fwp%2Fv2%2Fproduct_tag&post=1627"}],"curies":[{"name":"wp","href":"https:\/\/api.w.org\/{rel}","templated":true}]}}