{"id":1619,"date":"2026-04-19T00:34:03","date_gmt":"2026-04-18T16:34:03","guid":{"rendered":"https:\/\/repecasagricolas.com.br\/?product=peneira-p-tampas-tanque-t-280"},"modified":"2026-04-19T00:34:03","modified_gmt":"2026-04-18T16:34:03","slug":"peneira-p-tampas-tanque-t-280","status":"publish","type":"product","link":"https:\/\/repecasagricolas.com.br\/?product=peneira-p-tampas-tanque-t-280","title":{"rendered":"PENEIRA P\/ TAMPAS TANQUE T.280"},"content":{"rendered":"<p>Peneira para tampas de tanque T.280. Ret\u00e9m impurezas durante o abastecimento do tanque, protegendo o sistema de pulveriza\u00e7\u00e3o.<\/p>\n","protected":false},"excerpt":{"rendered":"<p>Peneira para tampas de tanque T.280. Ret\u00e9m impurezas durante o abastecimento do tanque, protegendo o sistema de pulveriza\u00e7\u00e3o.<\/p>\n","protected":false},"featured_media":0,"comment_status":"open","ping_status":"closed","template":"","meta":[],"product_cat":[63],"product_tag":[],"class_list":{"0":"post-1619","1":"product","2":"type-product","3":"status-publish","5":"product_cat-filtros","7":"first","8":"instock","9":"shipping-taxable","10":"product-type-simple"},"_links":{"self":[{"href":"https:\/\/repecasagricolas.com.br\/index.php?rest_route=\/wp\/v2\/product\/1619","targetHints":{"allow":["GET"]}}],"collection":[{"href":"https:\/\/repecasagricolas.com.br\/index.php?rest_route=\/wp\/v2\/product"}],"about":[{"href":"https:\/\/repecasagricolas.com.br\/index.php?rest_route=\/wp\/v2\/types\/product"}],"replies":[{"embeddable":true,"href":"https:\/\/repecasagricolas.com.br\/index.php?rest_route=%2Fwp%2Fv2%2Fcomments&post=1619"}],"version-history":[{"count":0,"href":"https:\/\/repecasagricolas.com.br\/index.php?rest_route=\/wp\/v2\/product\/1619\/revisions"}],"wp:attachment":[{"href":"https:\/\/repecasagricolas.com.br\/index.php?rest_route=%2Fwp%2Fv2%2Fmedia&parent=1619"}],"wp:term":[{"taxonomy":"product_cat","embeddable":true,"href":"https:\/\/repecasagricolas.com.br\/index.php?rest_route=%2Fwp%2Fv2%2Fproduct_cat&post=1619"},{"taxonomy":"product_tag","embeddable":true,"href":"https:\/\/repecasagricolas.com.br\/index.php?rest_route=%2Fwp%2Fv2%2Fproduct_tag&post=1619"}],"curies":[{"name":"wp","href":"https:\/\/api.w.org\/{rel}","templated":true}]}}