{"id":1618,"date":"2026-04-19T00:34:03","date_gmt":"2026-04-18T16:34:03","guid":{"rendered":"https:\/\/repecasagricolas.com.br\/?product=tampa-italiana"},"modified":"2026-04-19T00:34:03","modified_gmt":"2026-04-18T16:34:03","slug":"tampa-italiana","status":"publish","type":"product","link":"https:\/\/repecasagricolas.com.br\/?product=tampa-italiana","title":{"rendered":"TAMPA ITALIANA"},"content":{"rendered":"<p>Tampa italiana para tanque de pulverizador. Design ergon\u00f4mico com abertura f\u00e1cil, garante veda\u00e7\u00e3o eficiente e seguran\u00e7a no transporte de defensivos.<\/p>\n","protected":false},"excerpt":{"rendered":"<p>Tampa italiana para tanque de pulverizador. Design ergon\u00f4mico com abertura f\u00e1cil, garante veda\u00e7\u00e3o eficiente e seguran\u00e7a no transporte de defensivos.<\/p>\n","protected":false},"featured_media":0,"comment_status":"open","ping_status":"closed","template":"","meta":[],"product_cat":[69],"product_tag":[],"class_list":{"0":"post-1618","1":"product","2":"type-product","3":"status-publish","5":"product_cat-tampas","7":"first","8":"instock","9":"shipping-taxable","10":"product-type-simple"},"_links":{"self":[{"href":"https:\/\/repecasagricolas.com.br\/index.php?rest_route=\/wp\/v2\/product\/1618","targetHints":{"allow":["GET"]}}],"collection":[{"href":"https:\/\/repecasagricolas.com.br\/index.php?rest_route=\/wp\/v2\/product"}],"about":[{"href":"https:\/\/repecasagricolas.com.br\/index.php?rest_route=\/wp\/v2\/types\/product"}],"replies":[{"embeddable":true,"href":"https:\/\/repecasagricolas.com.br\/index.php?rest_route=%2Fwp%2Fv2%2Fcomments&post=1618"}],"version-history":[{"count":0,"href":"https:\/\/repecasagricolas.com.br\/index.php?rest_route=\/wp\/v2\/product\/1618\/revisions"}],"wp:attachment":[{"href":"https:\/\/repecasagricolas.com.br\/index.php?rest_route=%2Fwp%2Fv2%2Fmedia&parent=1618"}],"wp:term":[{"taxonomy":"product_cat","embeddable":true,"href":"https:\/\/repecasagricolas.com.br\/index.php?rest_route=%2Fwp%2Fv2%2Fproduct_cat&post=1618"},{"taxonomy":"product_tag","embeddable":true,"href":"https:\/\/repecasagricolas.com.br\/index.php?rest_route=%2Fwp%2Fv2%2Fproduct_tag&post=1618"}],"curies":[{"name":"wp","href":"https:\/\/api.w.org\/{rel}","templated":true}]}}