{"id":1616,"date":"2026-04-19T00:34:03","date_gmt":"2026-04-18T16:34:03","guid":{"rendered":"https:\/\/repecasagricolas.com.br\/?product=bomba-jp-150"},"modified":"2026-04-19T00:34:03","modified_gmt":"2026-04-18T16:34:03","slug":"bomba-jp-150","status":"publish","type":"product","link":"https:\/\/repecasagricolas.com.br\/?product=bomba-jp-150","title":{"rendered":"BOMBA JP 150"},"content":{"rendered":"<p>Bomba JP 150 para pulverizadores agr\u00edcolas. Elevada capacidade de press\u00e3o e vaz\u00e3o, para aplica\u00e7\u00f5es de grande escala.<\/p>\n","protected":false},"excerpt":{"rendered":"<p>Bomba JP 150 para pulverizadores agr\u00edcolas. Elevada capacidade de press\u00e3o e vaz\u00e3o, para aplica\u00e7\u00f5es de grande escala.<\/p>\n","protected":false},"featured_media":0,"comment_status":"open","ping_status":"closed","template":"","meta":[],"product_cat":[68],"product_tag":[],"class_list":{"0":"post-1616","1":"product","2":"type-product","3":"status-publish","5":"product_cat-bombas","7":"first","8":"instock","9":"shipping-taxable","10":"product-type-simple"},"_links":{"self":[{"href":"https:\/\/repecasagricolas.com.br\/index.php?rest_route=\/wp\/v2\/product\/1616","targetHints":{"allow":["GET"]}}],"collection":[{"href":"https:\/\/repecasagricolas.com.br\/index.php?rest_route=\/wp\/v2\/product"}],"about":[{"href":"https:\/\/repecasagricolas.com.br\/index.php?rest_route=\/wp\/v2\/types\/product"}],"replies":[{"embeddable":true,"href":"https:\/\/repecasagricolas.com.br\/index.php?rest_route=%2Fwp%2Fv2%2Fcomments&post=1616"}],"version-history":[{"count":0,"href":"https:\/\/repecasagricolas.com.br\/index.php?rest_route=\/wp\/v2\/product\/1616\/revisions"}],"wp:attachment":[{"href":"https:\/\/repecasagricolas.com.br\/index.php?rest_route=%2Fwp%2Fv2%2Fmedia&parent=1616"}],"wp:term":[{"taxonomy":"product_cat","embeddable":true,"href":"https:\/\/repecasagricolas.com.br\/index.php?rest_route=%2Fwp%2Fv2%2Fproduct_cat&post=1616"},{"taxonomy":"product_tag","embeddable":true,"href":"https:\/\/repecasagricolas.com.br\/index.php?rest_route=%2Fwp%2Fv2%2Fproduct_tag&post=1616"}],"curies":[{"name":"wp","href":"https:\/\/api.w.org\/{rel}","templated":true}]}}