{"id":1611,"date":"2026-04-19T00:34:02","date_gmt":"2026-04-18T16:34:02","guid":{"rendered":"https:\/\/repecasagricolas.com.br\/?product=ponta-do-bico-1-2"},"modified":"2026-04-19T00:34:02","modified_gmt":"2026-04-18T16:34:02","slug":"ponta-do-bico-1-2","status":"publish","type":"product","link":"https:\/\/repecasagricolas.com.br\/?product=ponta-do-bico-1-2","title":{"rendered":"PONTA DO BICO 1\/2&#8243;"},"content":{"rendered":"<p>Ponta do bico de 1\/2&#8243; para pulveriza\u00e7\u00e3o. Pe\u00e7a de reposi\u00e7\u00e3o que regula a sa\u00edda do produto, garantindo o padr\u00e3o de pulveriza\u00e7\u00e3o correto.<\/p>\n","protected":false},"excerpt":{"rendered":"<p>Ponta do bico de 1\/2&#8243; para pulveriza\u00e7\u00e3o. Pe\u00e7a de reposi\u00e7\u00e3o que regula a sa\u00edda do produto, garantindo o padr\u00e3o de pulveriza\u00e7\u00e3o correto.<\/p>\n","protected":false},"featured_media":0,"comment_status":"open","ping_status":"closed","template":"","meta":[],"product_cat":[62],"product_tag":[],"class_list":{"0":"post-1611","1":"product","2":"type-product","3":"status-publish","5":"product_cat-bicos-e-conexoes","7":"first","8":"instock","9":"shipping-taxable","10":"product-type-simple"},"_links":{"self":[{"href":"https:\/\/repecasagricolas.com.br\/index.php?rest_route=\/wp\/v2\/product\/1611","targetHints":{"allow":["GET"]}}],"collection":[{"href":"https:\/\/repecasagricolas.com.br\/index.php?rest_route=\/wp\/v2\/product"}],"about":[{"href":"https:\/\/repecasagricolas.com.br\/index.php?rest_route=\/wp\/v2\/types\/product"}],"replies":[{"embeddable":true,"href":"https:\/\/repecasagricolas.com.br\/index.php?rest_route=%2Fwp%2Fv2%2Fcomments&post=1611"}],"version-history":[{"count":0,"href":"https:\/\/repecasagricolas.com.br\/index.php?rest_route=\/wp\/v2\/product\/1611\/revisions"}],"wp:attachment":[{"href":"https:\/\/repecasagricolas.com.br\/index.php?rest_route=%2Fwp%2Fv2%2Fmedia&parent=1611"}],"wp:term":[{"taxonomy":"product_cat","embeddable":true,"href":"https:\/\/repecasagricolas.com.br\/index.php?rest_route=%2Fwp%2Fv2%2Fproduct_cat&post=1611"},{"taxonomy":"product_tag","embeddable":true,"href":"https:\/\/repecasagricolas.com.br\/index.php?rest_route=%2Fwp%2Fv2%2Fproduct_tag&post=1611"}],"curies":[{"name":"wp","href":"https:\/\/api.w.org\/{rel}","templated":true}]}}