{"id":1607,"date":"2026-04-19T00:34:02","date_gmt":"2026-04-18T16:34:02","guid":{"rendered":"https:\/\/repecasagricolas.com.br\/?product=abracadeira-38-x-38-abracadeira-40-x-40"},"modified":"2026-04-19T00:34:02","modified_gmt":"2026-04-18T16:34:02","slug":"abracadeira-38-x-38-abracadeira-40-x-40","status":"publish","type":"product","link":"https:\/\/repecasagricolas.com.br\/?product=abracadeira-38-x-38-abracadeira-40-x-40","title":{"rendered":"ABRA\u00c7ADEIRA 38 X 38 \/ ABRA\u00c7ADEIRA 40 X 40"},"content":{"rendered":"<p>Abra\u00e7adeira 38x38mm e 40x40mm para fixa\u00e7\u00e3o de tubos e mangueiras. Pe\u00e7a em a\u00e7o galvanizado de alta resist\u00eancia para uso em implementos agr\u00edcolas.<\/p>\n","protected":false},"excerpt":{"rendered":"<p>Abra\u00e7adeira 38x38mm e 40x40mm para fixa\u00e7\u00e3o de tubos e mangueiras. Pe\u00e7a em a\u00e7o galvanizado de alta resist\u00eancia para uso em implementos agr\u00edcolas.<\/p>\n","protected":false},"featured_media":0,"comment_status":"open","ping_status":"closed","template":"","meta":[],"product_cat":[67],"product_tag":[],"class_list":{"0":"post-1607","1":"product","2":"type-product","3":"status-publish","5":"product_cat-suportes-e-abracadeiras","7":"first","8":"instock","9":"shipping-taxable","10":"product-type-simple"},"_links":{"self":[{"href":"https:\/\/repecasagricolas.com.br\/index.php?rest_route=\/wp\/v2\/product\/1607","targetHints":{"allow":["GET"]}}],"collection":[{"href":"https:\/\/repecasagricolas.com.br\/index.php?rest_route=\/wp\/v2\/product"}],"about":[{"href":"https:\/\/repecasagricolas.com.br\/index.php?rest_route=\/wp\/v2\/types\/product"}],"replies":[{"embeddable":true,"href":"https:\/\/repecasagricolas.com.br\/index.php?rest_route=%2Fwp%2Fv2%2Fcomments&post=1607"}],"version-history":[{"count":0,"href":"https:\/\/repecasagricolas.com.br\/index.php?rest_route=\/wp\/v2\/product\/1607\/revisions"}],"wp:attachment":[{"href":"https:\/\/repecasagricolas.com.br\/index.php?rest_route=%2Fwp%2Fv2%2Fmedia&parent=1607"}],"wp:term":[{"taxonomy":"product_cat","embeddable":true,"href":"https:\/\/repecasagricolas.com.br\/index.php?rest_route=%2Fwp%2Fv2%2Fproduct_cat&post=1607"},{"taxonomy":"product_tag","embeddable":true,"href":"https:\/\/repecasagricolas.com.br\/index.php?rest_route=%2Fwp%2Fv2%2Fproduct_tag&post=1607"}],"curies":[{"name":"wp","href":"https:\/\/api.w.org\/{rel}","templated":true}]}}