{"id":1606,"date":"2026-04-19T00:34:02","date_gmt":"2026-04-18T16:34:02","guid":{"rendered":"https:\/\/repecasagricolas.com.br\/?product=suporte-para-tubo-abracadeira-40-x-40"},"modified":"2026-04-19T00:34:02","modified_gmt":"2026-04-18T16:34:02","slug":"suporte-para-tubo-abracadeira-40-x-40","status":"publish","type":"product","link":"https:\/\/repecasagricolas.com.br\/?product=suporte-para-tubo-abracadeira-40-x-40","title":{"rendered":"SUPORTE PARA TUBO ABRA\u00c7ADEIRA 40 X 40"},"content":{"rendered":"<p>Suporte para tubo com abra\u00e7adeira 40x40mm. Fixa\u00e7\u00e3o segura de tubos e mangueiras em estruturas de pulverizadores e implementos agr\u00edcolas.<\/p>\n","protected":false},"excerpt":{"rendered":"<p>Suporte para tubo com abra\u00e7adeira 40x40mm. Fixa\u00e7\u00e3o segura de tubos e mangueiras em estruturas de pulverizadores e implementos agr\u00edcolas.<\/p>\n","protected":false},"featured_media":0,"comment_status":"open","ping_status":"closed","template":"","meta":[],"product_cat":[67],"product_tag":[],"class_list":{"0":"post-1606","1":"product","2":"type-product","3":"status-publish","5":"product_cat-suportes-e-abracadeiras","7":"first","8":"instock","9":"shipping-taxable","10":"product-type-simple"},"_links":{"self":[{"href":"https:\/\/repecasagricolas.com.br\/index.php?rest_route=\/wp\/v2\/product\/1606","targetHints":{"allow":["GET"]}}],"collection":[{"href":"https:\/\/repecasagricolas.com.br\/index.php?rest_route=\/wp\/v2\/product"}],"about":[{"href":"https:\/\/repecasagricolas.com.br\/index.php?rest_route=\/wp\/v2\/types\/product"}],"replies":[{"embeddable":true,"href":"https:\/\/repecasagricolas.com.br\/index.php?rest_route=%2Fwp%2Fv2%2Fcomments&post=1606"}],"version-history":[{"count":0,"href":"https:\/\/repecasagricolas.com.br\/index.php?rest_route=\/wp\/v2\/product\/1606\/revisions"}],"wp:attachment":[{"href":"https:\/\/repecasagricolas.com.br\/index.php?rest_route=%2Fwp%2Fv2%2Fmedia&parent=1606"}],"wp:term":[{"taxonomy":"product_cat","embeddable":true,"href":"https:\/\/repecasagricolas.com.br\/index.php?rest_route=%2Fwp%2Fv2%2Fproduct_cat&post=1606"},{"taxonomy":"product_tag","embeddable":true,"href":"https:\/\/repecasagricolas.com.br\/index.php?rest_route=%2Fwp%2Fv2%2Fproduct_tag&post=1606"}],"curies":[{"name":"wp","href":"https:\/\/api.w.org\/{rel}","templated":true}]}}