{"id":1601,"date":"2026-04-19T00:34:02","date_gmt":"2026-04-18T16:34:02","guid":{"rendered":"https:\/\/repecasagricolas.com.br\/?product=suplemento-p-manometro"},"modified":"2026-04-19T00:34:02","modified_gmt":"2026-04-18T16:34:02","slug":"suplemento-p-manometro","status":"publish","type":"product","link":"https:\/\/repecasagricolas.com.br\/?product=suplemento-p-manometro","title":{"rendered":"SUPLEMENTO P\/ MANOMETRO"},"content":{"rendered":"<p>Suplemento para man\u00f4metro em lat\u00e3o. Pe\u00e7a de adapta\u00e7\u00e3o que facilita a instala\u00e7\u00e3o do man\u00f4metro no sistema de pulveriza\u00e7\u00e3o.<\/p>\n","protected":false},"excerpt":{"rendered":"<p>Suplemento para man\u00f4metro em lat\u00e3o. Pe\u00e7a de adapta\u00e7\u00e3o que facilita a instala\u00e7\u00e3o do man\u00f4metro no sistema de pulveriza\u00e7\u00e3o.<\/p>\n","protected":false},"featured_media":0,"comment_status":"open","ping_status":"closed","template":"","meta":[],"product_cat":[66],"product_tag":[],"class_list":{"0":"post-1601","1":"product","2":"type-product","3":"status-publish","5":"product_cat-conexoes","7":"first","8":"instock","9":"shipping-taxable","10":"product-type-simple"},"_links":{"self":[{"href":"https:\/\/repecasagricolas.com.br\/index.php?rest_route=\/wp\/v2\/product\/1601","targetHints":{"allow":["GET"]}}],"collection":[{"href":"https:\/\/repecasagricolas.com.br\/index.php?rest_route=\/wp\/v2\/product"}],"about":[{"href":"https:\/\/repecasagricolas.com.br\/index.php?rest_route=\/wp\/v2\/types\/product"}],"replies":[{"embeddable":true,"href":"https:\/\/repecasagricolas.com.br\/index.php?rest_route=%2Fwp%2Fv2%2Fcomments&post=1601"}],"version-history":[{"count":0,"href":"https:\/\/repecasagricolas.com.br\/index.php?rest_route=\/wp\/v2\/product\/1601\/revisions"}],"wp:attachment":[{"href":"https:\/\/repecasagricolas.com.br\/index.php?rest_route=%2Fwp%2Fv2%2Fmedia&parent=1601"}],"wp:term":[{"taxonomy":"product_cat","embeddable":true,"href":"https:\/\/repecasagricolas.com.br\/index.php?rest_route=%2Fwp%2Fv2%2Fproduct_cat&post=1601"},{"taxonomy":"product_tag","embeddable":true,"href":"https:\/\/repecasagricolas.com.br\/index.php?rest_route=%2Fwp%2Fv2%2Fproduct_tag&post=1601"}],"curies":[{"name":"wp","href":"https:\/\/api.w.org\/{rel}","templated":true}]}}