{"id":1597,"date":"2026-04-19T00:34:00","date_gmt":"2026-04-18T16:34:00","guid":{"rendered":"https:\/\/repecasagricolas.com.br\/?product=ramal-3-bicos"},"modified":"2026-04-19T00:34:00","modified_gmt":"2026-04-18T16:34:00","slug":"ramal-3-bicos","status":"publish","type":"product","link":"https:\/\/repecasagricolas.com.br\/?product=ramal-3-bicos","title":{"rendered":"RAMAL 3 BICOS"},"content":{"rendered":"<p>Ramal com 3 bicos para pulveriza\u00e7\u00e3o. Indicado para aplica\u00e7\u00f5es em faixas m\u00e9dias, com distribui\u00e7\u00e3o eficiente do produto na lavoura.<\/p>\n","protected":false},"excerpt":{"rendered":"<p>Ramal com 3 bicos para pulveriza\u00e7\u00e3o. Indicado para aplica\u00e7\u00f5es em faixas m\u00e9dias, com distribui\u00e7\u00e3o eficiente do produto na lavoura.<\/p>\n","protected":false},"featured_media":0,"comment_status":"open","ping_status":"closed","template":"","meta":[],"product_cat":[64],"product_tag":[],"class_list":{"0":"post-1597","1":"product","2":"type-product","3":"status-publish","5":"product_cat-ramais","7":"first","8":"instock","9":"shipping-taxable","10":"product-type-simple"},"_links":{"self":[{"href":"https:\/\/repecasagricolas.com.br\/index.php?rest_route=\/wp\/v2\/product\/1597","targetHints":{"allow":["GET"]}}],"collection":[{"href":"https:\/\/repecasagricolas.com.br\/index.php?rest_route=\/wp\/v2\/product"}],"about":[{"href":"https:\/\/repecasagricolas.com.br\/index.php?rest_route=\/wp\/v2\/types\/product"}],"replies":[{"embeddable":true,"href":"https:\/\/repecasagricolas.com.br\/index.php?rest_route=%2Fwp%2Fv2%2Fcomments&post=1597"}],"version-history":[{"count":0,"href":"https:\/\/repecasagricolas.com.br\/index.php?rest_route=\/wp\/v2\/product\/1597\/revisions"}],"wp:attachment":[{"href":"https:\/\/repecasagricolas.com.br\/index.php?rest_route=%2Fwp%2Fv2%2Fmedia&parent=1597"}],"wp:term":[{"taxonomy":"product_cat","embeddable":true,"href":"https:\/\/repecasagricolas.com.br\/index.php?rest_route=%2Fwp%2Fv2%2Fproduct_cat&post=1597"},{"taxonomy":"product_tag","embeddable":true,"href":"https:\/\/repecasagricolas.com.br\/index.php?rest_route=%2Fwp%2Fv2%2Fproduct_tag&post=1597"}],"curies":[{"name":"wp","href":"https:\/\/api.w.org\/{rel}","templated":true}]}}