{"id":1596,"date":"2026-04-19T00:34:00","date_gmt":"2026-04-18T16:34:00","guid":{"rendered":"https:\/\/repecasagricolas.com.br\/?product=ramal-segmento-ad-18"},"modified":"2026-04-19T00:34:00","modified_gmt":"2026-04-18T16:34:00","slug":"ramal-segmento-ad-18","status":"publish","type":"product","link":"https:\/\/repecasagricolas.com.br\/?product=ramal-segmento-ad-18","title":{"rendered":"RAMAL SEGMENTO AD-18"},"content":{"rendered":"<p>Ramal de segmento AD-18 para pulverizadores. Pe\u00e7a de reposi\u00e7\u00e3o de alta precis\u00e3o para sistemas de pulveriza\u00e7\u00e3o de grande porte.<\/p>\n","protected":false},"excerpt":{"rendered":"<p>Ramal de segmento AD-18 para pulverizadores. Pe\u00e7a de reposi\u00e7\u00e3o de alta precis\u00e3o para sistemas de pulveriza\u00e7\u00e3o de grande porte.<\/p>\n","protected":false},"featured_media":0,"comment_status":"open","ping_status":"closed","template":"","meta":[],"product_cat":[64],"product_tag":[],"class_list":{"0":"post-1596","1":"product","2":"type-product","3":"status-publish","5":"product_cat-ramais","7":"first","8":"instock","9":"shipping-taxable","10":"product-type-simple"},"_links":{"self":[{"href":"https:\/\/repecasagricolas.com.br\/index.php?rest_route=\/wp\/v2\/product\/1596","targetHints":{"allow":["GET"]}}],"collection":[{"href":"https:\/\/repecasagricolas.com.br\/index.php?rest_route=\/wp\/v2\/product"}],"about":[{"href":"https:\/\/repecasagricolas.com.br\/index.php?rest_route=\/wp\/v2\/types\/product"}],"replies":[{"embeddable":true,"href":"https:\/\/repecasagricolas.com.br\/index.php?rest_route=%2Fwp%2Fv2%2Fcomments&post=1596"}],"version-history":[{"count":0,"href":"https:\/\/repecasagricolas.com.br\/index.php?rest_route=\/wp\/v2\/product\/1596\/revisions"}],"wp:attachment":[{"href":"https:\/\/repecasagricolas.com.br\/index.php?rest_route=%2Fwp%2Fv2%2Fmedia&parent=1596"}],"wp:term":[{"taxonomy":"product_cat","embeddable":true,"href":"https:\/\/repecasagricolas.com.br\/index.php?rest_route=%2Fwp%2Fv2%2Fproduct_cat&post=1596"},{"taxonomy":"product_tag","embeddable":true,"href":"https:\/\/repecasagricolas.com.br\/index.php?rest_route=%2Fwp%2Fv2%2Fproduct_tag&post=1596"}],"curies":[{"name":"wp","href":"https:\/\/api.w.org\/{rel}","templated":true}]}}