{"id":1595,"date":"2026-04-19T00:34:00","date_gmt":"2026-04-18T16:34:00","guid":{"rendered":"https:\/\/repecasagricolas.com.br\/?product=barra-moldavel-1000"},"modified":"2026-04-19T00:34:00","modified_gmt":"2026-04-18T16:34:00","slug":"barra-moldavel-1000","status":"publish","type":"product","link":"https:\/\/repecasagricolas.com.br\/?product=barra-moldavel-1000","title":{"rendered":"BARRA MOLDAVEL 1000"},"content":{"rendered":"<p>Barra mold\u00e1vel de 1000mm para pulveriza\u00e7\u00e3o. Permite ajuste ao perfil do solo, ideal para culturas em fileiras.<\/p>\n","protected":false},"excerpt":{"rendered":"<p>Barra mold\u00e1vel de 1000mm para pulveriza\u00e7\u00e3o. Permite ajuste ao perfil do solo, ideal para culturas em fileiras.<\/p>\n","protected":false},"featured_media":0,"comment_status":"open","ping_status":"closed","template":"","meta":[],"product_cat":[65],"product_tag":[],"class_list":{"0":"post-1595","1":"product","2":"type-product","3":"status-publish","5":"product_cat-barras","7":"first","8":"instock","9":"shipping-taxable","10":"product-type-simple"},"_links":{"self":[{"href":"https:\/\/repecasagricolas.com.br\/index.php?rest_route=\/wp\/v2\/product\/1595","targetHints":{"allow":["GET"]}}],"collection":[{"href":"https:\/\/repecasagricolas.com.br\/index.php?rest_route=\/wp\/v2\/product"}],"about":[{"href":"https:\/\/repecasagricolas.com.br\/index.php?rest_route=\/wp\/v2\/types\/product"}],"replies":[{"embeddable":true,"href":"https:\/\/repecasagricolas.com.br\/index.php?rest_route=%2Fwp%2Fv2%2Fcomments&post=1595"}],"version-history":[{"count":0,"href":"https:\/\/repecasagricolas.com.br\/index.php?rest_route=\/wp\/v2\/product\/1595\/revisions"}],"wp:attachment":[{"href":"https:\/\/repecasagricolas.com.br\/index.php?rest_route=%2Fwp%2Fv2%2Fmedia&parent=1595"}],"wp:term":[{"taxonomy":"product_cat","embeddable":true,"href":"https:\/\/repecasagricolas.com.br\/index.php?rest_route=%2Fwp%2Fv2%2Fproduct_cat&post=1595"},{"taxonomy":"product_tag","embeddable":true,"href":"https:\/\/repecasagricolas.com.br\/index.php?rest_route=%2Fwp%2Fv2%2Fproduct_tag&post=1595"}],"curies":[{"name":"wp","href":"https:\/\/api.w.org\/{rel}","templated":true}]}}