{"id":1593,"date":"2026-04-19T00:33:59","date_gmt":"2026-04-18T16:33:59","guid":{"rendered":"https:\/\/repecasagricolas.com.br\/?product=barra-2-bicos"},"modified":"2026-04-19T00:33:59","modified_gmt":"2026-04-18T16:33:59","slug":"barra-2-bicos","status":"publish","type":"product","link":"https:\/\/repecasagricolas.com.br\/?product=barra-2-bicos","title":{"rendered":"BARRA 2 BICOS"},"content":{"rendered":"<p>Barra de pulveriza\u00e7\u00e3o com 2 bicos. Ideal para pulveriza\u00e7\u00e3o em faixas estreitas ou aplica\u00e7\u00f5es localizadas.<\/p>\n","protected":false},"excerpt":{"rendered":"<p>Barra de pulveriza\u00e7\u00e3o com 2 bicos. Ideal para pulveriza\u00e7\u00e3o em faixas estreitas ou aplica\u00e7\u00f5es localizadas.<\/p>\n","protected":false},"featured_media":0,"comment_status":"open","ping_status":"closed","template":"","meta":[],"product_cat":[65],"product_tag":[],"class_list":{"0":"post-1593","1":"product","2":"type-product","3":"status-publish","5":"product_cat-barras","7":"first","8":"instock","9":"shipping-taxable","10":"product-type-simple"},"_links":{"self":[{"href":"https:\/\/repecasagricolas.com.br\/index.php?rest_route=\/wp\/v2\/product\/1593","targetHints":{"allow":["GET"]}}],"collection":[{"href":"https:\/\/repecasagricolas.com.br\/index.php?rest_route=\/wp\/v2\/product"}],"about":[{"href":"https:\/\/repecasagricolas.com.br\/index.php?rest_route=\/wp\/v2\/types\/product"}],"replies":[{"embeddable":true,"href":"https:\/\/repecasagricolas.com.br\/index.php?rest_route=%2Fwp%2Fv2%2Fcomments&post=1593"}],"version-history":[{"count":0,"href":"https:\/\/repecasagricolas.com.br\/index.php?rest_route=\/wp\/v2\/product\/1593\/revisions"}],"wp:attachment":[{"href":"https:\/\/repecasagricolas.com.br\/index.php?rest_route=%2Fwp%2Fv2%2Fmedia&parent=1593"}],"wp:term":[{"taxonomy":"product_cat","embeddable":true,"href":"https:\/\/repecasagricolas.com.br\/index.php?rest_route=%2Fwp%2Fv2%2Fproduct_cat&post=1593"},{"taxonomy":"product_tag","embeddable":true,"href":"https:\/\/repecasagricolas.com.br\/index.php?rest_route=%2Fwp%2Fv2%2Fproduct_tag&post=1593"}],"curies":[{"name":"wp","href":"https:\/\/api.w.org\/{rel}","templated":true}]}}