{"id":1586,"date":"2026-04-19T00:33:59","date_gmt":"2026-04-18T16:33:59","guid":{"rendered":"https:\/\/repecasagricolas.com.br\/?product=ramal-8-bicos-direito-inox"},"modified":"2026-04-19T00:33:59","modified_gmt":"2026-04-18T16:33:59","slug":"ramal-8-bicos-direito-inox","status":"publish","type":"product","link":"https:\/\/repecasagricolas.com.br\/?product=ramal-8-bicos-direito-inox","title":{"rendered":"RAMAL 8 BICOS DIREITO INOX"},"content":{"rendered":"<p>Ramal com 8 bicos lado direito em a\u00e7o inoxid\u00e1vel. Alta resist\u00eancia \u00e0 corros\u00e3o e durabilidade superior para uso intensivo em pulveriza\u00e7\u00e3o agr\u00edcola.<\/p>\n","protected":false},"excerpt":{"rendered":"<p>Ramal com 8 bicos lado direito em a\u00e7o inoxid\u00e1vel. Alta resist\u00eancia \u00e0 corros\u00e3o e durabilidade superior para uso intensivo em pulveriza\u00e7\u00e3o agr\u00edcola.<\/p>\n","protected":false},"featured_media":0,"comment_status":"open","ping_status":"closed","template":"","meta":[],"product_cat":[64],"product_tag":[],"class_list":{"0":"post-1586","1":"product","2":"type-product","3":"status-publish","5":"product_cat-ramais","7":"first","8":"instock","9":"shipping-taxable","10":"product-type-simple"},"_links":{"self":[{"href":"https:\/\/repecasagricolas.com.br\/index.php?rest_route=\/wp\/v2\/product\/1586","targetHints":{"allow":["GET"]}}],"collection":[{"href":"https:\/\/repecasagricolas.com.br\/index.php?rest_route=\/wp\/v2\/product"}],"about":[{"href":"https:\/\/repecasagricolas.com.br\/index.php?rest_route=\/wp\/v2\/types\/product"}],"replies":[{"embeddable":true,"href":"https:\/\/repecasagricolas.com.br\/index.php?rest_route=%2Fwp%2Fv2%2Fcomments&post=1586"}],"version-history":[{"count":0,"href":"https:\/\/repecasagricolas.com.br\/index.php?rest_route=\/wp\/v2\/product\/1586\/revisions"}],"wp:attachment":[{"href":"https:\/\/repecasagricolas.com.br\/index.php?rest_route=%2Fwp%2Fv2%2Fmedia&parent=1586"}],"wp:term":[{"taxonomy":"product_cat","embeddable":true,"href":"https:\/\/repecasagricolas.com.br\/index.php?rest_route=%2Fwp%2Fv2%2Fproduct_cat&post=1586"},{"taxonomy":"product_tag","embeddable":true,"href":"https:\/\/repecasagricolas.com.br\/index.php?rest_route=%2Fwp%2Fv2%2Fproduct_tag&post=1586"}],"curies":[{"name":"wp","href":"https:\/\/api.w.org\/{rel}","templated":true}]}}