{"id":1583,"date":"2026-04-19T00:33:59","date_gmt":"2026-04-18T16:33:59","guid":{"rendered":"https:\/\/repecasagricolas.com.br\/?product=filtro-de-linha-de-alta-pressao-entr-saida-3-4"},"modified":"2026-04-19T00:33:59","modified_gmt":"2026-04-18T16:33:59","slug":"filtro-de-linha-de-alta-pressao-entr-saida-3-4","status":"publish","type":"product","link":"https:\/\/repecasagricolas.com.br\/?product=filtro-de-linha-de-alta-pressao-entr-saida-3-4","title":{"rendered":"FILTRO DE LINHA DE ALTA PRESS\u00c3O ENTR\/SA\u00cdDA 3\/4&#8243;"},"content":{"rendered":"<p>Filtro de linha de alta press\u00e3o com entrada e sa\u00edda de 3\/4&#8243;. Ret\u00e9m impurezas e protege bicos e componentes do sistema de pulveriza\u00e7\u00e3o.<\/p>\n","protected":false},"excerpt":{"rendered":"<p>Filtro de linha de alta press\u00e3o com entrada e sa\u00edda de 3\/4&#8243;. Ret\u00e9m impurezas e protege bicos e componentes do sistema de pulveriza\u00e7\u00e3o.<\/p>\n","protected":false},"featured_media":0,"comment_status":"open","ping_status":"closed","template":"","meta":[],"product_cat":[63],"product_tag":[],"class_list":{"0":"post-1583","1":"product","2":"type-product","3":"status-publish","5":"product_cat-filtros","7":"first","8":"instock","9":"shipping-taxable","10":"product-type-simple"},"_links":{"self":[{"href":"https:\/\/repecasagricolas.com.br\/index.php?rest_route=\/wp\/v2\/product\/1583","targetHints":{"allow":["GET"]}}],"collection":[{"href":"https:\/\/repecasagricolas.com.br\/index.php?rest_route=\/wp\/v2\/product"}],"about":[{"href":"https:\/\/repecasagricolas.com.br\/index.php?rest_route=\/wp\/v2\/types\/product"}],"replies":[{"embeddable":true,"href":"https:\/\/repecasagricolas.com.br\/index.php?rest_route=%2Fwp%2Fv2%2Fcomments&post=1583"}],"version-history":[{"count":0,"href":"https:\/\/repecasagricolas.com.br\/index.php?rest_route=\/wp\/v2\/product\/1583\/revisions"}],"wp:attachment":[{"href":"https:\/\/repecasagricolas.com.br\/index.php?rest_route=%2Fwp%2Fv2%2Fmedia&parent=1583"}],"wp:term":[{"taxonomy":"product_cat","embeddable":true,"href":"https:\/\/repecasagricolas.com.br\/index.php?rest_route=%2Fwp%2Fv2%2Fproduct_cat&post=1583"},{"taxonomy":"product_tag","embeddable":true,"href":"https:\/\/repecasagricolas.com.br\/index.php?rest_route=%2Fwp%2Fv2%2Fproduct_tag&post=1583"}],"curies":[{"name":"wp","href":"https:\/\/api.w.org\/{rel}","templated":true}]}}