{"id":1579,"date":"2026-04-19T00:33:59","date_gmt":"2026-04-18T16:33:59","guid":{"rendered":"https:\/\/repecasagricolas.com.br\/?product=roda-dentada-s-protecao"},"modified":"2026-04-19T00:33:59","modified_gmt":"2026-04-18T16:33:59","slug":"roda-dentada-s-protecao","status":"publish","type":"product","link":"https:\/\/repecasagricolas.com.br\/?product=roda-dentada-s-protecao","title":{"rendered":"RODA DENTADA S\/ PROTE\u00c7\u00c3O"},"content":{"rendered":"<p>Roda dentada superior sem prote\u00e7\u00e3o para colhedoras. Pe\u00e7a de reposi\u00e7\u00e3o para o sistema de transporte interno da m\u00e1quina.<\/p>\n","protected":false},"excerpt":{"rendered":"<p>Roda dentada superior sem prote\u00e7\u00e3o para colhedoras. Pe\u00e7a de reposi\u00e7\u00e3o para o sistema de transporte interno da m\u00e1quina.<\/p>\n","protected":false},"featured_media":0,"comment_status":"open","ping_status":"closed","template":"","meta":[],"product_cat":[50],"product_tag":[],"class_list":{"0":"post-1579","1":"product","2":"type-product","3":"status-publish","5":"product_cat-colhedoras","7":"first","8":"instock","9":"shipping-taxable","10":"product-type-simple"},"_links":{"self":[{"href":"https:\/\/repecasagricolas.com.br\/index.php?rest_route=\/wp\/v2\/product\/1579","targetHints":{"allow":["GET"]}}],"collection":[{"href":"https:\/\/repecasagricolas.com.br\/index.php?rest_route=\/wp\/v2\/product"}],"about":[{"href":"https:\/\/repecasagricolas.com.br\/index.php?rest_route=\/wp\/v2\/types\/product"}],"replies":[{"embeddable":true,"href":"https:\/\/repecasagricolas.com.br\/index.php?rest_route=%2Fwp%2Fv2%2Fcomments&post=1579"}],"version-history":[{"count":0,"href":"https:\/\/repecasagricolas.com.br\/index.php?rest_route=\/wp\/v2\/product\/1579\/revisions"}],"wp:attachment":[{"href":"https:\/\/repecasagricolas.com.br\/index.php?rest_route=%2Fwp%2Fv2%2Fmedia&parent=1579"}],"wp:term":[{"taxonomy":"product_cat","embeddable":true,"href":"https:\/\/repecasagricolas.com.br\/index.php?rest_route=%2Fwp%2Fv2%2Fproduct_cat&post=1579"},{"taxonomy":"product_tag","embeddable":true,"href":"https:\/\/repecasagricolas.com.br\/index.php?rest_route=%2Fwp%2Fv2%2Fproduct_tag&post=1579"}],"curies":[{"name":"wp","href":"https:\/\/api.w.org\/{rel}","templated":true}]}}