{"id":1572,"date":"2026-04-19T00:33:59","date_gmt":"2026-04-18T16:33:59","guid":{"rendered":"https:\/\/repecasagricolas.com.br\/?product=espigao-mang-3-4-x-rosca-3-4"},"modified":"2026-04-19T00:33:59","modified_gmt":"2026-04-18T16:33:59","slug":"espigao-mang-3-4-x-rosca-3-4","status":"publish","type":"product","link":"https:\/\/repecasagricolas.com.br\/?product=espigao-mang-3-4-x-rosca-3-4","title":{"rendered":"ESPIG\u00c3O MANG. 3\/4&#8243; X ROSCA 3\/4&#8243;"},"content":{"rendered":"<p>Espig\u00e3o para mangueira 3\/4&#8243; com rosca macho 3\/4&#8243;. Fabricado em lat\u00e3o, garante veda\u00e7\u00e3o perfeita e resist\u00eancia \u00e0 corros\u00e3o em sistemas de pulveriza\u00e7\u00e3o.<\/p>\n","protected":false},"excerpt":{"rendered":"<p>Espig\u00e3o para mangueira 3\/4&#8243; com rosca macho 3\/4&#8243;. Fabricado em lat\u00e3o, garante veda\u00e7\u00e3o perfeita e resist\u00eancia \u00e0 corros\u00e3o em sistemas de pulveriza\u00e7\u00e3o.<\/p>\n","protected":false},"featured_media":0,"comment_status":"open","ping_status":"closed","template":"","meta":[],"product_cat":[62],"product_tag":[],"class_list":{"0":"post-1572","1":"product","2":"type-product","3":"status-publish","5":"product_cat-bicos-e-conexoes","7":"first","8":"instock","9":"shipping-taxable","10":"product-type-simple"},"_links":{"self":[{"href":"https:\/\/repecasagricolas.com.br\/index.php?rest_route=\/wp\/v2\/product\/1572","targetHints":{"allow":["GET"]}}],"collection":[{"href":"https:\/\/repecasagricolas.com.br\/index.php?rest_route=\/wp\/v2\/product"}],"about":[{"href":"https:\/\/repecasagricolas.com.br\/index.php?rest_route=\/wp\/v2\/types\/product"}],"replies":[{"embeddable":true,"href":"https:\/\/repecasagricolas.com.br\/index.php?rest_route=%2Fwp%2Fv2%2Fcomments&post=1572"}],"version-history":[{"count":0,"href":"https:\/\/repecasagricolas.com.br\/index.php?rest_route=\/wp\/v2\/product\/1572\/revisions"}],"wp:attachment":[{"href":"https:\/\/repecasagricolas.com.br\/index.php?rest_route=%2Fwp%2Fv2%2Fmedia&parent=1572"}],"wp:term":[{"taxonomy":"product_cat","embeddable":true,"href":"https:\/\/repecasagricolas.com.br\/index.php?rest_route=%2Fwp%2Fv2%2Fproduct_cat&post=1572"},{"taxonomy":"product_tag","embeddable":true,"href":"https:\/\/repecasagricolas.com.br\/index.php?rest_route=%2Fwp%2Fv2%2Fproduct_tag&post=1572"}],"curies":[{"name":"wp","href":"https:\/\/api.w.org\/{rel}","templated":true}]}}