{"id":1571,"date":"2026-04-19T00:33:59","date_gmt":"2026-04-18T16:33:59","guid":{"rendered":"https:\/\/repecasagricolas.com.br\/?product=bico-1-c-porca-1"},"modified":"2026-04-19T00:33:59","modified_gmt":"2026-04-18T16:33:59","slug":"bico-1-c-porca-1","status":"publish","type":"product","link":"https:\/\/repecasagricolas.com.br\/?product=bico-1-c-porca-1","title":{"rendered":"BICO 1&#8243; C\/ PORCA 1&#8243;"},"content":{"rendered":"<p>Bico para mangueira de 1 polegada com porca de fixa\u00e7\u00e3o 1&#8243;. Pe\u00e7a em lat\u00e3o de alta durabilidade, ideal para conex\u00f5es em sistemas de pulveriza\u00e7\u00e3o agr\u00edcola.<\/p>\n","protected":false},"excerpt":{"rendered":"<p>Bico para mangueira de 1 polegada com porca de fixa\u00e7\u00e3o 1&#8243;. Pe\u00e7a em lat\u00e3o de alta durabilidade, ideal para conex\u00f5es em sistemas de pulveriza\u00e7\u00e3o agr\u00edcola.<\/p>\n","protected":false},"featured_media":0,"comment_status":"open","ping_status":"closed","template":"","meta":[],"product_cat":[62],"product_tag":[],"class_list":{"0":"post-1571","1":"product","2":"type-product","3":"status-publish","5":"product_cat-bicos-e-conexoes","7":"first","8":"instock","9":"shipping-taxable","10":"product-type-simple"},"_links":{"self":[{"href":"https:\/\/repecasagricolas.com.br\/index.php?rest_route=\/wp\/v2\/product\/1571","targetHints":{"allow":["GET"]}}],"collection":[{"href":"https:\/\/repecasagricolas.com.br\/index.php?rest_route=\/wp\/v2\/product"}],"about":[{"href":"https:\/\/repecasagricolas.com.br\/index.php?rest_route=\/wp\/v2\/types\/product"}],"replies":[{"embeddable":true,"href":"https:\/\/repecasagricolas.com.br\/index.php?rest_route=%2Fwp%2Fv2%2Fcomments&post=1571"}],"version-history":[{"count":0,"href":"https:\/\/repecasagricolas.com.br\/index.php?rest_route=\/wp\/v2\/product\/1571\/revisions"}],"wp:attachment":[{"href":"https:\/\/repecasagricolas.com.br\/index.php?rest_route=%2Fwp%2Fv2%2Fmedia&parent=1571"}],"wp:term":[{"taxonomy":"product_cat","embeddable":true,"href":"https:\/\/repecasagricolas.com.br\/index.php?rest_route=%2Fwp%2Fv2%2Fproduct_cat&post=1571"},{"taxonomy":"product_tag","embeddable":true,"href":"https:\/\/repecasagricolas.com.br\/index.php?rest_route=%2Fwp%2Fv2%2Fproduct_tag&post=1571"}],"curies":[{"name":"wp","href":"https:\/\/api.w.org\/{rel}","templated":true}]}}